{"id":3090,"date":"2015-07-06T13:25:46","date_gmt":"2015-07-06T12:25:46","guid":{"rendered":"http:\/\/www.apartments-dolar.com\/?page_id=3090"},"modified":"2022-05-23T14:40:54","modified_gmt":"2022-05-23T13:40:54","slug":"apartma-3","status":"publish","type":"page","link":"https:\/\/www.apartments-dolar.com\/sl\/apartmaji\/apartma-3\/","title":{"rendered":"APARTMA 3"},"content":{"rendered":"<p>[et_pb_section fb_built=&#8221;1&#8243; admin_label=&#8221;section&#8221; _builder_version=&#8221;3.22&#8243; background_color=&#8221;#ffffff&#8221; background_image=&#8221;https:\/\/www.apartments-dolar.com\/wp-content\/uploads\/2014\/08\/ozadje.jpg&#8221; transparent_background=&#8221;off&#8221; global_colors_info=&#8221;{}&#8221;][et_pb_row admin_label=&#8221;row&#8221; _builder_version=&#8221;3.25&#8243; background_size=&#8221;initial&#8221; background_position=&#8221;top_left&#8221; background_repeat=&#8221;repeat&#8221; global_colors_info=&#8221;{}&#8221;][et_pb_column type=&#8221;4_4&#8243; _builder_version=&#8221;3.25&#8243; custom_padding=&#8221;|||&#8221; global_colors_info=&#8221;{}&#8221; custom_padding__hover=&#8221;|||&#8221;][et_pb_text admin_label=&#8221;Text&#8221; _builder_version=&#8221;3.27.4&#8243; background_size=&#8221;initial&#8221; background_position=&#8221;top_left&#8221; background_repeat=&#8221;repeat&#8221; use_border_color=&#8221;off&#8221; border_color=&#8221;#ffffff&#8221; border_style=&#8221;solid&#8221; global_colors_info=&#8221;{}&#8221;]<img loading=\"lazy\" decoding=\"async\" class=\"aligncenter size-full wp-image-2953\" src=\"https:\/\/www.apartments-dolar.com\/wp-content\/uploads\/2015\/07\/apartmaji-dolar-logo.png\" alt=\"apartmaji dolar -logo\" width=\"342\" height=\"98\" srcset=\"https:\/\/www.apartments-dolar.com\/wp-content\/uploads\/2015\/07\/apartmaji-dolar-logo.png 342w, https:\/\/www.apartments-dolar.com\/wp-content\/uploads\/2015\/07\/apartmaji-dolar-logo-300x86.png 300w\" sizes=\"(max-width: 342px) 100vw, 342px\" \/><\/p>\n<h1 style=\"text-align: center;\">APARTMA 3<\/h1>\n<p>[\/et_pb_text][\/et_pb_column][\/et_pb_row][et_pb_row column_structure=&#8221;1_3,2_3&#8243; admin_label=&#8221;row&#8221; _builder_version=&#8221;3.25&#8243; background_size=&#8221;initial&#8221; background_position=&#8221;top_left&#8221; background_repeat=&#8221;repeat&#8221; global_colors_info=&#8221;{}&#8221;][et_pb_column type=&#8221;1_3&#8243; _builder_version=&#8221;3.25&#8243; custom_padding=&#8221;|||&#8221; global_colors_info=&#8221;{}&#8221; custom_padding__hover=&#8221;|||&#8221;][et_pb_text admin_label=&#8221;Text&#8221; _builder_version=&#8221;4.14.9&#8243; background_size=&#8221;initial&#8221; background_position=&#8221;top_left&#8221; background_repeat=&#8221;repeat&#8221; use_border_color=&#8221;off&#8221; border_color=&#8221;#ffffff&#8221; border_style=&#8221;solid&#8221; global_colors_info=&#8221;{}&#8221;]<\/p>\n<h3>APARTMA<\/h3>\n<p>\u2022 Prijetno opremljeni<br \/>\n\u2022 Cca 50m2<br \/>\n\u2022 Mo\u017enost otro\u0161ke posteljice<br \/>\n\u2022 Mo\u017enost dodatnega le\u017ei\u0161\u010da<br \/>\n\u2022 Balkon<br \/>\n\u2022 Mikrovalovna pe\u010dica<br \/>\n\u2022 Priklju\u010dek za Internet<br \/>\n\u2022 Klimatska naprava[\/et_pb_text][et_pb_text admin_label=&#8221;Text&#8221; _builder_version=&#8221;4.14.9&#8243; background_size=&#8221;initial&#8221; background_position=&#8221;top_left&#8221; background_repeat=&#8221;repeat&#8221; use_border_color=&#8221;off&#8221; border_color=&#8221;#ffffff&#8221; border_style=&#8221;solid&#8221; global_colors_info=&#8221;{}&#8221;]<\/p>\n<h3>Posebna ponudba<\/h3>\n<p>\u2022 Brezpla\u010dna izposoja koles<br \/>\u2022 Brezpla\u010dni internet<\/p>\n<p>[\/et_pb_text][\/et_pb_column][et_pb_column type=&#8221;2_3&#8243; _builder_version=&#8221;3.25&#8243; custom_padding=&#8221;|||&#8221; global_colors_info=&#8221;{}&#8221; custom_padding__hover=&#8221;|||&#8221;][et_pb_gallery gallery_ids=&#8221;3351,3350,3349,3352,3353,3354&#8243; posts_number=&#8221;6&#8243; show_title_and_caption=&#8221;off&#8221; show_pagination=&#8221;off&#8221; hover_icon=&#8221;&#xe006;||divi||400&#8243; admin_label=&#8221;Gallery&#8221; _builder_version=&#8221;4.13.0&#8243; use_border_color=&#8221;off&#8221; border_color=&#8221;#ffffff&#8221; border_style=&#8221;solid&#8221; global_colors_info=&#8221;{}&#8221;] [\/et_pb_gallery][\/et_pb_column][\/et_pb_row][et_pb_row admin_label=&#8221;row&#8221; _builder_version=&#8221;3.25&#8243; background_size=&#8221;initial&#8221; background_position=&#8221;top_left&#8221; background_repeat=&#8221;repeat&#8221; global_colors_info=&#8221;{}&#8221;][et_pb_column type=&#8221;4_4&#8243; _builder_version=&#8221;3.25&#8243; custom_padding=&#8221;|||&#8221; global_colors_info=&#8221;{}&#8221; custom_padding__hover=&#8221;|||&#8221;][et_pb_text admin_label=&#8221;Text&#8221; _builder_version=&#8221;4.14.9&#8243; background_size=&#8221;initial&#8221; background_position=&#8221;top_left&#8221; background_repeat=&#8221;repeat&#8221; text_orientation=&#8221;center&#8221; use_border_color=&#8221;off&#8221; border_color=&#8221;#ffffff&#8221; border_style=&#8221;solid&#8221; global_colors_info=&#8221;{}&#8221;]<\/p>\n\n\t\t<style type=\"text\/css\">\n\t\t\t#gallery-1 {\n\t\t\t\tmargin: auto;\n\t\t\t}\n\t\t\t#gallery-1 .gallery-item {\n\t\t\t\tfloat: left;\n\t\t\t\tmargin-top: 10px;\n\t\t\t\ttext-align: center;\n\t\t\t\twidth: 11%;\n\t\t\t}\n\t\t\t#gallery-1 img {\n\t\t\t\tborder: 2px solid #cfcfcf;\n\t\t\t}\n\t\t\t#gallery-1 .gallery-caption {\n\t\t\t\tmargin-left: 0;\n\t\t\t}\n\t\t\t\/* see gallery_shortcode() in wp-includes\/media.php *\/\n\t\t<\/style>\n\t\t<div id='gallery-1' class='gallery galleryid-3090 gallery-columns-9 gallery-size-thumbnail'><dl class='gallery-item'>\n\t\t\t<dt class='gallery-icon landscape'>\n\t\t\t\t<img loading=\"lazy\" decoding=\"async\" width=\"32\" height=\"32\" src=\"https:\/\/www.apartments-dolar.com\/wp-content\/uploads\/2014\/10\/parking19.png\" class=\"attachment-thumbnail size-thumbnail\" alt=\"\" \/>\n\t\t\t<\/dt><\/dl><dl class='gallery-item'>\n\t\t\t<dt class='gallery-icon landscape'>\n\t\t\t\t<img loading=\"lazy\" decoding=\"async\" width=\"32\" height=\"32\" src=\"https:\/\/www.apartments-dolar.com\/wp-content\/uploads\/2014\/10\/minisplit.png\" class=\"attachment-thumbnail size-thumbnail\" alt=\"\" \/>\n\t\t\t<\/dt><\/dl><dl class='gallery-item'>\n\t\t\t<dt class='gallery-icon landscape'>\n\t\t\t\t<img loading=\"lazy\" decoding=\"async\" width=\"32\" height=\"32\" src=\"https:\/\/www.apartments-dolar.com\/wp-content\/uploads\/2014\/10\/balcony.png\" class=\"attachment-thumbnail size-thumbnail\" alt=\"\" \/>\n\t\t\t<\/dt><\/dl><dl class='gallery-item'>\n\t\t\t<dt class='gallery-icon landscape'>\n\t\t\t\t<img loading=\"lazy\" decoding=\"async\" width=\"32\" height=\"32\" src=\"https:\/\/www.apartments-dolar.com\/wp-content\/uploads\/2014\/10\/safe12.png\" class=\"attachment-thumbnail size-thumbnail\" alt=\"\" \/>\n\t\t\t<\/dt><\/dl><dl class='gallery-item'>\n\t\t\t<dt class='gallery-icon landscape'>\n\t\t\t\t<img loading=\"lazy\" decoding=\"async\" width=\"32\" height=\"31\" src=\"https:\/\/www.apartments-dolar.com\/wp-content\/uploads\/2014\/10\/regular2.png\" class=\"attachment-thumbnail size-thumbnail\" alt=\"\" \/>\n\t\t\t<\/dt><\/dl><dl class='gallery-item'>\n\t\t\t<dt class='gallery-icon landscape'>\n\t\t\t\t<img loading=\"lazy\" decoding=\"async\" width=\"32\" height=\"32\" src=\"https:\/\/www.apartments-dolar.com\/wp-content\/uploads\/2014\/10\/computer170.png\" class=\"attachment-thumbnail size-thumbnail\" alt=\"\" \/>\n\t\t\t<\/dt><\/dl><dl class='gallery-item'>\n\t\t\t<dt class='gallery-icon landscape'>\n\t\t\t\t<img loading=\"lazy\" decoding=\"async\" width=\"32\" height=\"32\" src=\"https:\/\/www.apartments-dolar.com\/wp-content\/uploads\/2014\/10\/breakfast1.png\" class=\"attachment-thumbnail size-thumbnail\" alt=\"\" \/>\n\t\t\t<\/dt><\/dl><dl class='gallery-item'>\n\t\t\t<dt class='gallery-icon landscape'>\n\t\t\t\t<img loading=\"lazy\" decoding=\"async\" width=\"32\" height=\"32\" src=\"https:\/\/www.apartments-dolar.com\/wp-content\/uploads\/2014\/10\/dog22.png\" class=\"attachment-thumbnail size-thumbnail\" alt=\"\" \/>\n\t\t\t<\/dt><\/dl>\n\t\t\t<br style='clear: both' \/>\n\t\t<\/div>\n\n<p>[\/et_pb_text][\/et_pb_column][\/et_pb_row][et_pb_row column_structure=&#8221;3_5,2_5&#8243; _builder_version=&#8221;4.14.9&#8243; _module_preset=&#8221;default&#8221; locked=&#8221;off&#8221; global_colors_info=&#8221;{}&#8221;][et_pb_column type=&#8221;3_5&#8243; _builder_version=&#8221;4.14.9&#8243; _module_preset=&#8221;default&#8221; global_colors_info=&#8221;{}&#8221;][et_pb_code _builder_version=&#8221;4.14.9&#8243; _module_preset=&#8221;default&#8221; global_colors_info=&#8221;{}&#8221;]<script src=\"\/\/www.bentral.com\/service\/embed\/booking.js?id=5f5455774d675f4d&#038;unit=5f7a63324e675f4d&#038;width=full&#038;header-bg=ffffff&#038;header-color=000000&#038;header2-bg=ffffff&#038;header2-color=333333&#038;table-bg=fcfcfc&#038;table-color=000000&#038;btn-bg=ffffff&#038;btn-color=121212&#038;border-color=dddddd&#038;poweredby=0&#038;lang=sl&#038;key=de2de5d6bfc9d818d8b0ad7a3068dfb0\"><\/script>[\/et_pb_code][\/et_pb_column][et_pb_column type=&#8221;2_5&#8243; _builder_version=&#8221;4.14.9&#8243; _module_preset=&#8221;default&#8221; global_colors_info=&#8221;{}&#8221;][et_pb_code _builder_version=&#8221;4.14.9&#8243; _module_preset=&#8221;default&#8221; global_colors_info=&#8221;{}&#8221;]<script src=\"\/\/www.bentral.com\/service\/embed\/calendar.js?uid=5f7a63324e675f4d&#038;months=1&#038;last=true&#038;width=full&#038;header-bg=ffffff&#038;header-color=000000&#038;header2-bg=ffffff&#038;header2-color=333333&#038;table-bg=fcfcfc&#038;table-color=000000&#038;border-color=dddddd&#038;poweredby=0&#038;lang=sl&#038;key=de2de5d6bfc9d818d8b0ad7a3068dfb0\"><\/script>[\/et_pb_code][et_pb_code _builder_version=&#8221;4.14.9&#8243; _module_preset=&#8221;default&#8221; global_colors_info=&#8221;{}&#8221;]<script src=\"\/\/www.bentral.com\/service\/embed\/price-list.js?uid=5f7a63324e675f4d&#038;id=5f5455774d675f4d&#038;width=full&#038;header-bg=ffffff&#038;header-color=000000&#038;header2-bg=ffffff&#038;header2-color=333333&#038;table-bg=fcfcfc&#038;table-color=000000&#038;border-color=dddddd&#038;poweredby=0&#038;lang=sl&#038;key=de2de5d6bfc9d818d8b0ad7a3068dfb0\"><\/script>[\/et_pb_code][\/et_pb_column][\/et_pb_row][\/et_pb_section]<\/p>\n","protected":false},"excerpt":{"rendered":"<p>APARTMA 3 APARTMA \u2022 Prijetno opremljeni \u2022 Cca 50m2 \u2022 Mo\u017enost otro\u0161ke posteljice \u2022 Mo\u017enost dodatnega le\u017ei\u0161\u010da \u2022 Balkon \u2022 Mikrovalovna pe\u010dica \u2022 Priklju\u010dek za Internet \u2022 Klimatska napravaPosebna ponudba \u2022 Brezpla\u010dna izposoja koles\u2022 Brezpla\u010dni internet \n\t\t<style type=\"text\/css\">\n\t\t\t#gallery-2 {\n\t\t\t\tmargin: auto;\n\t\t\t}\n\t\t\t#gallery-2 .gallery-item {\n\t\t\t\tfloat: left;\n\t\t\t\tmargin-top: 10px;\n\t\t\t\ttext-align: center;\n\t\t\t\twidth: 11%;\n\t\t\t}\n\t\t\t#gallery-2 img {\n\t\t\t\tborder: 2px solid #cfcfcf;\n\t\t\t}\n\t\t\t#gallery-2 .gallery-caption {\n\t\t\t\tmargin-left: 0;\n\t\t\t}\n\t\t\t\/* see gallery_shortcode() in wp-includes\/media.php *\/\n\t\t<\/style>\n\t\t<div id='gallery-2' class='gallery galleryid-3090 gallery-columns-9 gallery-size-thumbnail'><dl class='gallery-item'>\n\t\t\t<dt class='gallery-icon landscape'>\n\t\t\t\t<img width=\"32\" height=\"32\" src=\"https:\/\/www.apartments-dolar.com\/wp-content\/uploads\/2014\/10\/parking19.png\" class=\"attachment-thumbnail size-thumbnail\" alt=\"\" decoding=\"async\" loading=\"lazy\" \/>\n\t\t\t<\/dt><\/dl><dl class='gallery-item'>\n\t\t\t<dt class='gallery-icon landscape'>\n\t\t\t\t<img width=\"32\" height=\"32\" src=\"https:\/\/www.apartments-dolar.com\/wp-content\/uploads\/2014\/10\/minisplit.png\" class=\"attachment-thumbnail size-thumbnail\" alt=\"\" decoding=\"async\" loading=\"lazy\" \/>\n\t\t\t<\/dt><\/dl><dl class='gallery-item'>\n\t\t\t<dt class='gallery-icon landscape'>\n\t\t\t\t<img width=\"32\" height=\"32\" src=\"https:\/\/www.apartments-dolar.com\/wp-content\/uploads\/2014\/10\/balcony.png\" class=\"attachment-thumbnail size-thumbnail\" alt=\"\" decoding=\"async\" loading=\"lazy\" \/>\n\t\t\t<\/dt><\/dl><dl class='gallery-item'>\n\t\t\t<dt class='gallery-icon landscape'>\n\t\t\t\t<img width=\"32\" height=\"32\" src=\"https:\/\/www.apartments-dolar.com\/wp-content\/uploads\/2014\/10\/safe12.png\" class=\"attachment-thumbnail size-thumbnail\" alt=\"\" decoding=\"async\" loading=\"lazy\" \/>\n\t\t\t<\/dt><\/dl><dl class='gallery-item'>\n\t\t\t<dt class='gallery-icon landscape'>\n\t\t\t\t<img width=\"32\" height=\"31\" src=\"https:\/\/www.apartments-dolar.com\/wp-content\/uploads\/2014\/10\/regular2.png\" class=\"attachment-thumbnail size-thumbnail\" alt=\"\" decoding=\"async\" loading=\"lazy\" \/>\n\t\t\t<\/dt><\/dl><dl class='gallery-item'>\n\t\t\t<dt class='gallery-icon landscape'>\n\t\t\t\t<img width=\"32\" height=\"32\" src=\"https:\/\/www.apartments-dolar.com\/wp-content\/uploads\/2014\/10\/computer170.png\" class=\"attachment-thumbnail size-thumbnail\" alt=\"\" decoding=\"async\" loading=\"lazy\" \/>\n\t\t\t<\/dt><\/dl><dl class='gallery-item'>\n\t\t\t<dt class='gallery-icon landscape'>\n\t\t\t\t<img width=\"32\" height=\"32\" src=\"https:\/\/www.apartments-dolar.com\/wp-content\/uploads\/2014\/10\/breakfast1.png\" class=\"attachment-thumbnail size-thumbnail\" alt=\"\" decoding=\"async\" loading=\"lazy\" \/>\n\t\t\t<\/dt><\/dl><dl class='gallery-item'>\n\t\t\t<dt class='gallery-icon landscape'>\n\t\t\t\t<img width=\"32\" height=\"32\" src=\"https:\/\/www.apartments-dolar.com\/wp-content\/uploads\/2014\/10\/dog22.png\" class=\"attachment-thumbnail size-thumbnail\" alt=\"\" decoding=\"async\" loading=\"lazy\" \/>\n\t\t\t<\/dt><\/dl>\n\t\t\t<br style='clear: both' \/>\n\t\t<\/div>\n<\/p>\n","protected":false},"author":1,"featured_media":0,"parent":3069,"menu_order":0,"comment_status":"closed","ping_status":"closed","template":"","meta":{"_et_pb_use_builder":"on","_et_pb_old_content":"","_et_gb_content_width":"","footnotes":""},"class_list":["post-3090","page","type-page","status-publish","hentry"],"aioseo_notices":[],"_links":{"self":[{"href":"https:\/\/www.apartments-dolar.com\/sl\/wp-json\/wp\/v2\/pages\/3090","targetHints":{"allow":["GET"]}}],"collection":[{"href":"https:\/\/www.apartments-dolar.com\/sl\/wp-json\/wp\/v2\/pages"}],"about":[{"href":"https:\/\/www.apartments-dolar.com\/sl\/wp-json\/wp\/v2\/types\/page"}],"author":[{"embeddable":true,"href":"https:\/\/www.apartments-dolar.com\/sl\/wp-json\/wp\/v2\/users\/1"}],"replies":[{"embeddable":true,"href":"https:\/\/www.apartments-dolar.com\/sl\/wp-json\/wp\/v2\/comments?post=3090"}],"version-history":[{"count":10,"href":"https:\/\/www.apartments-dolar.com\/sl\/wp-json\/wp\/v2\/pages\/3090\/revisions"}],"predecessor-version":[{"id":3924,"href":"https:\/\/www.apartments-dolar.com\/sl\/wp-json\/wp\/v2\/pages\/3090\/revisions\/3924"}],"up":[{"embeddable":true,"href":"https:\/\/www.apartments-dolar.com\/sl\/wp-json\/wp\/v2\/pages\/3069"}],"wp:attachment":[{"href":"https:\/\/www.apartments-dolar.com\/sl\/wp-json\/wp\/v2\/media?parent=3090"}],"curies":[{"name":"wp","href":"https:\/\/api.w.org\/{rel}","templated":true}]}}